{"id":56,"date":"2016-08-02T12:41:56","date_gmt":"2016-08-02T10:41:56","guid":{"rendered":"http:\/\/functionalgym.net\/gym\/?page_id=56"},"modified":"2019-03-22T15:58:06","modified_gmt":"2019-03-22T14:58:06","slug":"kontakt","status":"publish","type":"page","link":"https:\/\/functionalgym.net\/?page_id=56","title":{"rendered":"Kontakt"},"content":{"rendered":"<div class='content-column one_third'><div style=\"padding-right:50px;\"><h3 style=\"text-align: left;\">Kontakt<\/h3>\n<h6 style=\"color: #d32b85;\">Ihre Trainer<\/h6>\n<p>Wir haben es uns zur Aufgabe gemacht Ihnen ein individuelles und effektives Training in pers\u00f6nlicher Atmosph\u00e4re zu bieten.<\/p>\n<p>Dies erreichen wir vor allem mit der n\u00f6tigen Qualit\u00e4t, Erfahrung und Begeisterung.<\/p><\/div><\/div>\n<div class='content-column one_third'><div style=\"padding-right:10px;\"><div>\n<p><img loading=\"lazy\" class=\"alignnone wp-image-209 size-full\" src=\"http:\/\/functionalgym.net\/wp-content\/uploads\/2016\/08\/jj2.jpg\" alt=\"\" width=\"250\" height=\"250\" srcset=\"https:\/\/functionalgym.net\/wp-content\/uploads\/2016\/08\/jj2.jpg 250w, https:\/\/functionalgym.net\/wp-content\/uploads\/2016\/08\/jj2-150x150.jpg 150w, https:\/\/functionalgym.net\/wp-content\/uploads\/2016\/08\/jj2-230x230.jpg 230w\" sizes=\"(max-width: 250px) 100vw, 250px\" \/><\/p>\n<h6>Jonna Jensen<\/h6>\n<p>Dipl. Sportwissenschaftlerin<br \/>\n<i class=\"wp-svg-envelop envelop\"><\/i><a href=\"mailto:info@functionalgym.net\">\u00a0Kontakt<\/a> \/\/ Tel.: 0178-5343074<\/p>\n<\/div><\/div><\/div>\n<div class='content-column one_third last_column'><div style=\"padding-right:10px;\"><div>\n<div><img loading=\"lazy\" class=\"alignnone wp-image-210 size-full\" src=\"http:\/\/functionalgym.net\/wp-content\/uploads\/2016\/08\/as.jpg\" alt=\"as\" width=\"250\" height=\"250\" srcset=\"https:\/\/functionalgym.net\/wp-content\/uploads\/2016\/08\/as.jpg 250w, https:\/\/functionalgym.net\/wp-content\/uploads\/2016\/08\/as-150x150.jpg 150w, https:\/\/functionalgym.net\/wp-content\/uploads\/2016\/08\/as-230x230.jpg 230w\" sizes=\"(max-width: 250px) 100vw, 250px\" \/><\/div>\n<div><\/div>\n<h6>Andrea Schulz<\/h6>\n<p>M.A. Sports Medical Training \/ Clinical Exercise Physiology<br \/>\n<i class=\"wp-svg-envelop envelop\"><\/i> <a href=\"mailto:info@functionalgym.net\">Kontakt<\/a>\u00a0 \/\/ Tel.: 0177-7039743<\/p>\n<\/div><\/div><\/div><div class='clear_column'><\/div>\n<div class=\"wpforms-container wpforms-container-full\" id=\"wpforms-559\"><form id=\"wpforms-form-559\" class=\"wpforms-validate wpforms-form\" data-formid=\"559\" method=\"post\" enctype=\"multipart\/form-data\" action=\"\/index.php?rest_route=%2Fwp%2Fv2%2Fpages%2F56\"><div class=\"wpforms-field-container\"><div id=\"wpforms-559-field_0-container\" class=\"wpforms-field wpforms-field-name\" data-field-id=\"0\"><label class=\"wpforms-field-label\" for=\"wpforms-559-field_0\">Name <span class=\"wpforms-required-label\">*<\/span><\/label><div class=\"wpforms-field-row wpforms-field-medium\"><div class=\"wpforms-field-row-block wpforms-first wpforms-one-half\"><input type=\"text\" id=\"wpforms-559-field_0\" class=\"wpforms-field-name-first wpforms-field-required\" name=\"wpforms[fields][0][first]\" required><label for=\"wpforms-559-field_0\" class=\"wpforms-field-sublabel after \">Vorname<\/label><\/div><div class=\"wpforms-field-row-block wpforms-one-half\"><input type=\"text\" id=\"wpforms-559-field_0-last\" class=\"wpforms-field-name-last wpforms-field-required\" name=\"wpforms[fields][0][last]\" required><label for=\"wpforms-559-field_0-last\" class=\"wpforms-field-sublabel after \">Nachname<\/label><\/div><\/div><\/div><div id=\"wpforms-559-field_1-container\" class=\"wpforms-field wpforms-field-email\" data-field-id=\"1\"><label class=\"wpforms-field-label\" for=\"wpforms-559-field_1\">E-Mail <span class=\"wpforms-required-label\">*<\/span><\/label><input type=\"email\" id=\"wpforms-559-field_1\" class=\"wpforms-field-medium wpforms-field-required\" name=\"wpforms[fields][1]\" required><\/div><div id=\"wpforms-559-field_2-container\" class=\"wpforms-field wpforms-field-textarea\" data-field-id=\"2\"><label class=\"wpforms-field-label\" for=\"wpforms-559-field_2\">Kommentar oder Nachricht <span class=\"wpforms-required-label\">*<\/span><\/label><textarea id=\"wpforms-559-field_2\" class=\"wpforms-field-medium wpforms-field-required\" name=\"wpforms[fields][2]\" required><\/textarea><\/div><\/div><div class=\"wpforms-field wpforms-field-hp\"><label for=\"wpforms-field_hp\" class=\"wpforms-field-label\">Phone<\/label><input type=\"text\" name=\"wpforms[hp]\" id=\"wpforms-field_hp\" class=\"wpforms-field-medium\"><\/div><div class=\"wpforms-submit-container\" ><input type=\"hidden\" name=\"wpforms[id]\" value=\"559\"><input type=\"hidden\" name=\"wpforms[author]\" value=\"1\"><button type=\"submit\" name=\"wpforms[submit]\" class=\"wpforms-submit \" id=\"wpforms-submit-559\" value=\"wpforms-submit\" data-alt-text=\"Senden...\">Absenden<\/button><\/div><\/form><\/div>\n<h6><strong>Impressum:<\/strong><\/h6>\n<p>Jonna Jensen<br \/>\nJohannesberg 39<br \/>\n35396 Gie\u00dfen<br \/>\nTel.: 0178-5343074<\/p>\n<h6>HAFTUNGSAUSSCHLUSS<\/h6>\n<p>Die auf dem webspace bereitgestellten Angaben wurden sorgf\u00e4ltig gepr\u00fcft. Dessen ungeachtet kann keine Gew\u00e4hr f\u00fcr die Korrektheit, Vollst\u00e4ndigkeit, Qualit\u00e4t oder letzte Aktualit\u00e4t der Angaben bzw. bereitgestellten Informationen \u00fcbernommen werden.<\/p>\n<h6>HINWEIS<\/h6>\n<p>Im Falle von wettbewerbsrechtlichen oder \u00e4hnlichen Problemen, Domainstreitigkeiten usw. bitten wir Sie, zur Vermeidung unn\u00f6tiger Rechtsstreite und Kosten, uns bereits im Vorfeld zu kontaktieren.<br \/>\nDie Kostennote einer anwaltlichen Abmahnung ohne vorhergehende Kontaktaufnahme wird im Sinne der Schadensminderungspflicht als unbegr\u00fcndet zur\u00fcckgewiesen.<\/p>\n<h6>DISCLAIMER<\/h6>\n<h6>1. Inhalt des Onlineangebotes<\/h6>\n<p>Der Autor \u00fcbernimmt keinerlei Gew\u00e4hr f\u00fcr die Aktualit\u00e4t, Korrektheit, Vollst\u00e4ndigkeit oder Qualit\u00e4t der bereitgestellten Informationen. Haftungsanspr\u00fcche gegen den Autor, welche sich auf Sch\u00e4den materieller oder ideeller Art beziehen, die durch die Nutzung oder Nichtnutzung der dargebotenen Informationen bzw. durch die Nutzung fehlerhafter und unvollst\u00e4ndiger Informationen verursacht wurden, sind grunds\u00e4tzlich ausgeschlossen, sofern seitens des Autors kein nachweislich vors\u00e4tzliches oder grob fahrl\u00e4ssiges Verschulden vorliegt.<\/p>\n<p>Alle Angebote sind freibleibend und unverbindlich. Der Autor beh\u00e4lt es sich ausdr\u00fccklich vor, Teile der Seiten oder das gesamte Angebot ohne gesonderte Ank\u00fcndigung zu ver\u00e4ndern, zu erg\u00e4nzen, zu l\u00f6schen oder die Ver\u00f6ffentlichung zeitweise oder endg\u00fcltig einzustellen.<\/p>\n<h6>2. Verweise und Links<\/h6>\n<p>Bei direkten oder indirekten Verweisen auf fremde Webseiten (&#8222;Hyperlinks&#8220;), die au\u00dferhalb des Verantwortungsbereiches des Autors liegen, w\u00fcrde eine Haftungsverpflichtung ausschlie\u00dflich in dem Fall in Kraft treten, in dem der Autor von den Inhalten Kenntnis hat und es ihm technisch m\u00f6glich und zumutbar w\u00e4re, die Nutzung im Falle rechtswidriger Inhalte zu verhindern.<br \/>\nDer Autor erkl\u00e4rt hiermit ausdr\u00fccklich, dass zum Zeitpunkt der Linksetzung keine illegalen Inhalte auf den zu verlinkenden Seiten erkennbar waren. Auf die aktuelle und zuk\u00fcnftige Gestaltung, die Inhalte oder die Urheberschaft der verlinkten\/verkn\u00fcpften Seiten hat der Autor keinerlei Einfluss. Deshalb distanziert er sich hiermit ausdr\u00fccklich von allen Inhalten aller verlinkten \/verkn\u00fcpften Seiten, die nach der Linksetzung ver\u00e4ndert wurden. Diese Feststellung gilt f\u00fcr alle innerhalb des eigenen Internetangebotes gesetzten Links und Verweise sowie f\u00fcr Fremdeintr\u00e4ge in vom Autor eingerichteten G\u00e4steb\u00fcchern, Diskussionsforen, Linkverzeichnissen, Mailinglisten und in allen anderen Formen von Datenbanken, auf deren Inhalt externe Schreibzugriffe m\u00f6glich sind. F\u00fcr illegale, fehlerhafte oder unvollst\u00e4ndige Inhalte und insbesondere f\u00fcr Sch\u00e4den, die aus der Nutzung oder Nichtnutzung solcherart dargebotener Informationen entstehen, haftet allein der Anbieter der Seite, auf welche verwiesen wurde, nicht derjenige, der \u00fcber Links auf die jeweilige Ver\u00f6ffentlichung lediglich verweist.<\/p>\n<h6>3. Urheber- und Kennzeichenrecht<\/h6>\n<p>Der Autor ist bestrebt, in allen Publikationen die Urheberrechte der verwendeten Bilder, Grafiken, Tondokumente, Videosequenzen und Texte zu beachten, von ihm selbst erstellte Bilder, Grafiken, Tondokumente, Videosequenzen und Texte zu nutzen oder auf lizenzfreie Grafiken, Tondokumente, Videosequenzen und Texte zur\u00fcckzugreifen.<br \/>\nAlle innerhalb des Internetangebotes genannten und ggf. durch Dritte gesch\u00fctzten Marken- und Warenzeichen unterliegen uneingeschr\u00e4nkt den Bestimmungen des jeweils g\u00fcltigen Kennzeichenrechts und den Besitzrechten der jeweiligen eingetragenen Eigent\u00fcmer. Allein aufgrund der blo\u00dfen Nennung ist nicht der Schluss zu ziehen, dass Markenzeichen nicht durch Rechte Dritter gesch\u00fctzt sind!<br \/>\nDas Copyright f\u00fcr ver\u00f6ffentlichte, vom Autor selbst erstellte Objekte bleibt allein beim Autor der Seiten. Eine Vervielf\u00e4ltigung oder Verwendung solcher Grafiken, Tondokumente, Videosequenzen und Texte in anderen elektronischen oder gedruckten Publikationen ist ohne ausdr\u00fcckliche Zustimmung des Autors nicht gestattet.<\/p>\n<h6>4. Rechtswirksamkeit dieses Haftungsausschlusses<\/h6>\n<p>Dieser Haftungsausschluss ist als Teil des Internetangebotes zu betrachten, von dem aus auf diese Seite verwiesen wurde. Sofern Teile oder einzelne Formulierungen dieses Textes der geltenden Rechtslage nicht, nicht mehr oder nicht vollst\u00e4ndig entsprechen sollten, bleiben die \u00fcbrigen Teile des Dokumentes in ihrem Inhalt und ihrer G\u00fcltigkeit davon unber\u00fchrt.<\/p>\n<h6>5. Datenschutzerkl\u00e4rung f\u00fcr die Nutzung von Facebook-Plugins<\/h6>\n<p>Auf unseren Seiten sind Plugins des sozialen Netzwerks Facebook, 1601 South California Avenue, Palo Alto, CA 94304, USA integriert. Die Facebook-Plugins erkennen Sie an dem Facebook-Logo oder dem &#8222;Like-Button&#8220; (&#8222;Gef\u00e4llt mir&#8220;) auf unserer Seite. Eine \u00dcbersicht \u00fcber die Facebook-Plugins finden Sie hier: <a href=\"http:\/\/developers.facebook.com\/docs\/plugins\/\" target=\"_blank\" rel=\"noopener noreferrer\">http:\/\/developers.facebook.com\/docs\/plugins\/<\/a>.<br \/>\nWenn Sie unsere Seiten besuchen, wird \u00fcber das Plugin eine direkte Verbindung zwischen Ihrem Browser und dem Facebook-Server hergestellt. Facebook erh\u00e4lt dadurch die Information, dass Sie mit Ihrer IP-Adresse unsere Seite besucht haben. Wenn Sie den Facebook &#8222;Like-Button&#8220; anklicken w\u00e4hrend Sie in Ihrem Facebook-Account eingeloggt sind, k\u00f6nnen Sie die Inhalte unserer Seiten auf Ihrem Facebook-Profil verlinken. Dadurch kann Facebook den Besuch unserer Seiten Ihrem Benutzerkonto zuordnen. Wir weisen darauf hin, dass wir als Anbieter der Seiten keine Kenntnis vom Inhalt der \u00fcbermittelten Daten sowie deren Nutzung durch Facebook erhalten. Weitere Informationen hierzu finden Sie in der Datenschutzerkl\u00e4rung von facebook unter <a href=\"http:\/\/de-de.facebook.com\/policy.php\" target=\"_blank\" rel=\"noopener noreferrer\">http:\/\/de-de.facebook.com\/policy.php<\/a><\/p>\n<p align=\"justify\">Wenn Sie nicht w\u00fcnschen, dass Facebook den Besuch unserer Seiten Ihrem Facebook-Nutzerkonto zuordnen kann, loggen Sie sich bitte aus Ihrem Facebook-Benutzerkonto aus.<\/p>\n<h6>6. Datenschutzerkl\u00e4rung f\u00fcr die Nutzung von Twitter<\/h6>\n<p>Auf unseren Seiten sind Funktionen des Dienstes Twitter eingebunden. Diese Funktionen werden angeboten durch die Twitter Inc., Twitter, Inc. 1355 Market St, Suite 900, San Francisco, CA 94103, USA. Durch das Benutzen von Twitter und der Funktion &#8222;Re-Tweet&#8220; werden die von Ihnen besuchten Webseiten mit Ihrem Twitter-Account verkn\u00fcpft und anderen Nutzern bekannt gegeben. Dabei werden auch Daten an Twitter \u00fcbertragen.<\/p>\n<p>Wir weisen darauf hin, dass wir als Anbieter der Seiten keine Kenntnis vom Inhalt der \u00fcbermittelten Daten sowie deren Nutzung durch Twitter erhalten. Weitere Informationen hierzu finden Sie in der Datenschutzerkl\u00e4rung von Twitter unter <a href=\"http:\/\/twitter.com\/privacy\" target=\"_blank\" rel=\"noopener noreferrer\">http:\/\/twitter.com\/privacy<\/a>.<\/p>\n<p>Ihre Datenschutzeinstellungen bei Twitter k\u00f6nnen Sie in den Konto-Einstellungen unter<a href=\"http:\/\/twitter.com\/account\/settings\" target=\"_blank\" rel=\"noopener noreferrer\">http:\/\/twitter.com\/account\/settings<\/a> \u00e4ndern.<\/p>\n","protected":false},"excerpt":{"rendered":"<p>Impressum: Jonna Jensen Johannesberg 39 35396 Gie\u00dfen Tel.: 0178-5343074 HAFTUNGSAUSSCHLUSS Die auf dem webspace bereitgestellten Angaben wurden sorgf\u00e4ltig gepr\u00fcft. Dessen ungeachtet kann keine Gew\u00e4hr f\u00fcr die Korrektheit, Vollst\u00e4ndigkeit, Qualit\u00e4t oder letzte Aktualit\u00e4t der Angaben bzw. bereitgestellten Informationen \u00fcbernommen werden. HINWEIS Im Falle von wettbewerbsrechtlichen oder \u00e4hnlichen Problemen, Domainstreitigkeiten usw. bitten wir Sie, zur Vermeidung unn\u00f6tiger [&hellip;]<\/p>\n","protected":false},"author":1,"featured_media":0,"parent":0,"menu_order":0,"comment_status":"closed","ping_status":"closed","template":"page-templates\/page_fullwidth.php","meta":[],"_links":{"self":[{"href":"https:\/\/functionalgym.net\/index.php?rest_route=\/wp\/v2\/pages\/56"}],"collection":[{"href":"https:\/\/functionalgym.net\/index.php?rest_route=\/wp\/v2\/pages"}],"about":[{"href":"https:\/\/functionalgym.net\/index.php?rest_route=\/wp\/v2\/types\/page"}],"author":[{"embeddable":true,"href":"https:\/\/functionalgym.net\/index.php?rest_route=\/wp\/v2\/users\/1"}],"replies":[{"embeddable":true,"href":"https:\/\/functionalgym.net\/index.php?rest_route=%2Fwp%2Fv2%2Fcomments&post=56"}],"version-history":[{"count":50,"href":"https:\/\/functionalgym.net\/index.php?rest_route=\/wp\/v2\/pages\/56\/revisions"}],"predecessor-version":[{"id":560,"href":"https:\/\/functionalgym.net\/index.php?rest_route=\/wp\/v2\/pages\/56\/revisions\/560"}],"wp:attachment":[{"href":"https:\/\/functionalgym.net\/index.php?rest_route=%2Fwp%2Fv2%2Fmedia&parent=56"}],"curies":[{"name":"wp","href":"https:\/\/api.w.org\/{rel}","templated":true}]}}