{"id":50,"date":"2016-08-02T12:41:07","date_gmt":"2016-08-02T10:41:07","guid":{"rendered":"http:\/\/functionalgym.net\/gym\/?page_id=50"},"modified":"2017-08-21T21:59:47","modified_gmt":"2017-08-21T19:59:47","slug":"unsere-specials","status":"publish","type":"page","link":"https:\/\/functionalgym.net\/?page_id=50","title":{"rendered":"Unsere Specials"},"content":{"rendered":"<h2>Unsere Specials<\/h2>\n<p>&nbsp;<\/p>\n<div class='content-column one_half'><div style=\"padding-right:100px;\"><h6>Kinesiologisches Taping<\/h6>\n<p>Die farbigen Tapes finden mittlerweile nicht mehr nur im Spitzensport ihre Anwendung, sondern sind immer \u00f6fter auch im allt\u00e4glichen Leben zu sehen. Die ganzheitliche Behandlungsmethode dient in ihrem breiten Anwendungsspektrum u. a. der<\/p><\/div><\/div>\n<div class='content-column one_half last_column'><div style=\"padding-right:100px;\"><p>&nbsp;<\/p>\n<p><strong>\u25cf Verbesserung der Muskelfunktion<\/strong><br \/>\n<strong>\u25cf F\u00f6rderung des Lymphabflusses<\/strong><br \/>\n<strong>\u25cf Schmerzreduktion<\/strong><br \/>\n<strong>\u25cf Unterst\u00fctzung der Gelenkfunktion<\/strong><\/p>\n<p>&nbsp;<\/p>\n<p><strong>Probieren Sie es aus und sp\u00fcren Sie selbst, wie Ihnen Kinesiologisches Taping helfen kan<\/strong>n.<\/p><\/div><\/div><div class='clear_column'><\/div>\n<h6><span style=\"color: #808080;\"><i class=\"wp-svg-tags tags\"><\/i> <i>Je nach Umfang der Anlage zwischen 10-25\u20ac.<\/i><\/span><\/h6>\n<p>&nbsp;<\/p>\n<p>&nbsp;<\/p>\n<div class='content-column one_half'><div style=\"padding-right:100px;\"><h5>FMS (Functional Movement Screen)<\/h5>\n<p>Der Functional Movement Screen ist eine Bewegungsanalyse mit 7 Testaufgaben zur Beurteilung Ihrer Beweglichkeit, muskul\u00e4ren Balance und Stabilit\u00e4t. Auf dem Ergebnis basierend wird Ihnen ein individueller Trainingsplan erstellt. Dieser enth\u00e4lt korrigierende \u00dcbungen um die ermittelten Defizite und Schwachstellen auszugleichen und die Verletzungsanf\u00e4lligkeit zu minimieren.<\/p>\n<p>&nbsp;<\/p>\n<h6><span style=\"color: #808080;\"><i class=\"wp-svg-tags tags\"><\/i> <i>Preis: 69,- \u20ac<\/i><\/span><\/h6><\/div><\/div>\n<div class='content-column one_half last_column'><div style=\"padding-right:100px;\"><h5>Segment-K\u00f6rperanalyse<\/h5>\n<p>Segment-K\u00f6rperanalyse zur Messung von K\u00f6rperfett, Muskelmasse, biologischem Alter, Gesamtk\u00f6rperwasser, BMI, t\u00e4glichem Kalorienbedarf uvm.<\/p>\n<p>&nbsp;<\/p>\n<h6><span style=\"color: #808080;\"><i class=\"wp-svg-tags tags\"><\/i> <i>Preis: 19,- \u20ac<\/i><\/span><\/h6><\/div><\/div><div class='clear_column'><\/div>\n<p>&nbsp;<\/p>\n<p>&nbsp;<\/p>\n<h5>Sportartspezifisches Functional Training<\/h5>\n<p>f\u00fcr z.B. Golf, Handball, Tennis<\/p>\n<p>Ein speziell auf die Sportart ausgelegtes funktionelles Training steigert Ihre Leistungsf\u00e4higkeit und schon bald spielen Sie in einer anderen Liga.<\/p>\n","protected":false},"excerpt":{"rendered":"<p>Unsere Specials &nbsp; Je nach Umfang der Anlage zwischen 10-25\u20ac. &nbsp; &nbsp; &nbsp; &nbsp; Sportartspezifisches Functional Training f\u00fcr z.B. Golf, Handball, Tennis Ein speziell auf die Sportart ausgelegtes funktionelles Training steigert Ihre Leistungsf\u00e4higkeit und schon bald spielen Sie in einer anderen Liga.<\/p>\n","protected":false},"author":1,"featured_media":0,"parent":0,"menu_order":0,"comment_status":"closed","ping_status":"closed","template":"page-templates\/page_fullwidth.php","meta":[],"_links":{"self":[{"href":"https:\/\/functionalgym.net\/index.php?rest_route=\/wp\/v2\/pages\/50"}],"collection":[{"href":"https:\/\/functionalgym.net\/index.php?rest_route=\/wp\/v2\/pages"}],"about":[{"href":"https:\/\/functionalgym.net\/index.php?rest_route=\/wp\/v2\/types\/page"}],"author":[{"embeddable":true,"href":"https:\/\/functionalgym.net\/index.php?rest_route=\/wp\/v2\/users\/1"}],"replies":[{"embeddable":true,"href":"https:\/\/functionalgym.net\/index.php?rest_route=%2Fwp%2Fv2%2Fcomments&post=50"}],"version-history":[{"count":20,"href":"https:\/\/functionalgym.net\/index.php?rest_route=\/wp\/v2\/pages\/50\/revisions"}],"predecessor-version":[{"id":508,"href":"https:\/\/functionalgym.net\/index.php?rest_route=\/wp\/v2\/pages\/50\/revisions\/508"}],"wp:attachment":[{"href":"https:\/\/functionalgym.net\/index.php?rest_route=%2Fwp%2Fv2%2Fmedia&parent=50"}],"curies":[{"name":"wp","href":"https:\/\/api.w.org\/{rel}","templated":true}]}}