{"id":47,"date":"2016-08-02T12:40:50","date_gmt":"2016-08-02T10:40:50","guid":{"rendered":"http:\/\/functionalgym.net\/gym\/?page_id=47"},"modified":"2018-04-18T14:51:58","modified_gmt":"2018-04-18T12:51:58","slug":"meta-check-fitness","status":"publish","type":"page","link":"https:\/\/functionalgym.net\/?page_id=47","title":{"rendered":"Meta Check Fitness\u00ae"},"content":{"rendered":"<h3>Meta Check Fitness\u00ae<\/h3>\n<h3 style=\"text-align: justify;\"><span style=\"color: #d32b85;\">Genetic Shaping<\/span><br \/>\n<span style=\"color: #d32b85;\"> Sie sind so einzigartig wie Ihre Gene<\/span><\/h3>\n<div class='content-column three_fifth'><div style=\"padding-right:100px;\"><p>&nbsp;<\/p>\n<p><img loading=\"lazy\" class=\"alignnone wp-image-391 size-full\" src=\"http:\/\/functionalgym.net\/wp-content\/uploads\/2016\/08\/meta-4.jpg\" alt=\"\" width=\"1000\" height=\"400\" srcset=\"https:\/\/functionalgym.net\/wp-content\/uploads\/2016\/08\/meta-4.jpg 1000w, https:\/\/functionalgym.net\/wp-content\/uploads\/2016\/08\/meta-4-300x120.jpg 300w, https:\/\/functionalgym.net\/wp-content\/uploads\/2016\/08\/meta-4-768x307.jpg 768w, https:\/\/functionalgym.net\/wp-content\/uploads\/2016\/08\/meta-4-830x332.jpg 830w, https:\/\/functionalgym.net\/wp-content\/uploads\/2016\/08\/meta-4-230x92.jpg 230w, https:\/\/functionalgym.net\/wp-content\/uploads\/2016\/08\/meta-4-350x140.jpg 350w, https:\/\/functionalgym.net\/wp-content\/uploads\/2016\/08\/meta-4-480x192.jpg 480w\" sizes=\"(max-width: 1000px) 100vw, 1000px\" \/><\/p>\n<p>Der MetaCheck fitness\u00ae ist eine Stoffwechselanalyse auf DNA-Basis und ermittelt Ihren individuellen Stoffwechseltyp. Dies erm\u00f6glicht es Ihnen Ihre Ern\u00e4hrung und sportliche Aktivit\u00e4t auf Ihre genetische Veranlagung abzustimmen. Sie werden schneller abnehmen, Ihr Gewicht halten und sich leistungsf\u00e4higer f\u00fchlen. Genie\u00dfen Sie, was zu Ihnen passt.<\/div><\/div>\n<div class='content-column two_fifth last_column'><div style=\"padding-right:100px;\"><p>&nbsp;<\/p>\n<h5 style=\"text-align: justify;\">Ihre Vorteile<\/h5>\n<ul style=\"text-align: justify;\">\n<li><strong> Einmaliger Test<\/strong><\/li>\n<li><strong> Einfacher Wangenabstrich<\/strong><\/li>\n<li><strong> Individuell angepasstes Training<\/strong><\/li>\n<li><strong> Individuell angepasste Ern\u00e4hrung<\/strong><\/li>\n<li><strong> Leistungsf\u00e4higer f\u00fchlen<\/strong><\/li>\n<li><strong> Schneller abnehmen<\/strong><\/li>\n<li><strong> Kein Jo-Jo Effekt<\/strong><\/li>\n<li><strong> Keine Extremdi\u00e4t<\/strong><\/li>\n<li><strong> Kein Hungern<\/strong><\/li>\n<\/ul><\/div><\/div><div class='clear_column'><\/div>\n<p>&nbsp;<\/p>\n<div class='content-column one_half'><div style=\"padding-right:100px;\"><h5 style=\"text-align: justify;\">Wissenschaft<\/h5>\n<p style=\"margin: 0cm 0cm 15.75pt 0cm;\">Wie Sie wissen, verarbeitet jeder Mensch Makron\u00e4hrstoffe (Kohlenhydrate, Proteine und Fette) anders. Wissenschaftliche Studien belegen, dass dies gr\u00f6\u00dftenteils an der individuellen genetischen Veranlagung liegt<sup><span style=\"font-size: 9.0pt;\">[1]<\/span><\/sup>. Der CoGAP MetaCheck\u00ae\u00a0erm\u00f6glicht nun eine DNA-Analyse in die Trainings- und Ern\u00e4hrungsberatung einzubeziehen. Retrospektive Studien, durchgef\u00fchrt in den USA<sup><span style=\"font-size: 9.0pt;\">[2]<\/span><\/sup>\u00a0und u. a. am Zentrum f\u00fcr Gesundheit der Deutschen Sporthochschule K\u00f6ln<sup><span style=\"font-size: 9.0pt;\">[3]<\/span><\/sup>, indizieren, dass eine Gen-Di\u00e4t, die den genetischen Eigenschaften des Ratsuchenden entspricht, bessere Erfolge beim Abnehmen erzielen kann, als eine Di\u00e4t, die diese physiologischen Eigenschaften ignoriert.**<\/p>\n<p style=\"margin: 0cm 0cm 15.75pt 0cm;\">Die Studie aus den USA<sup><span style=\"font-size: 9.0pt;\">[2]<\/span><\/sup>\u00a0zeigte in der retrospektiven Betrachtung, dass die Probanden, deren Di\u00e4t zuf\u00e4lligerweise uf ihren Genotypen passte, mehr als doppelt (etwa 2,5 Mal) so erfolgreich abgenommen hatten, wie Probanden deren Di\u00e4t nicht ihren Genotypen entsprach (siehe Abb. 1).**<\/p><\/div><\/div>\n<p>&nbsp;<\/p>\n<div class='content-column one_half last_column'><div style=\"padding-right:100px;\"><p><img loading=\"lazy\" class=\"aligncenter wp-image-220\" src=\"http:\/\/functionalgym.net\/wp-content\/uploads\/2016\/08\/g1.png\" alt=\"g1\" width=\"400\" height=\"400\" srcset=\"https:\/\/functionalgym.net\/wp-content\/uploads\/2016\/08\/g1.png 1000w, https:\/\/functionalgym.net\/wp-content\/uploads\/2016\/08\/g1-150x150.png 150w, https:\/\/functionalgym.net\/wp-content\/uploads\/2016\/08\/g1-300x300.png 300w, https:\/\/functionalgym.net\/wp-content\/uploads\/2016\/08\/g1-768x768.png 768w, https:\/\/functionalgym.net\/wp-content\/uploads\/2016\/08\/g1-830x830.png 830w, https:\/\/functionalgym.net\/wp-content\/uploads\/2016\/08\/g1-230x230.png 230w, https:\/\/functionalgym.net\/wp-content\/uploads\/2016\/08\/g1-350x350.png 350w, https:\/\/functionalgym.net\/wp-content\/uploads\/2016\/08\/g1-480x480.png 480w\" sizes=\"(max-width: 400px) 100vw, 400px\" \/><\/div><\/div><div class='clear_column'><\/div>\n<p>&nbsp;<\/p>\n<p>&nbsp;<\/p>\n<div class='content-column one_half'><div style=\"padding-right:100px;\"><p>&nbsp;<\/p>\n<p>&nbsp;<\/p>\n<p style=\"margin: 0cm 0cm 15.75pt 0cm;\">Bei einer retrospektiven Vergleichsstudie<sup><span style=\"font-size: 9.0pt;\">[3]<\/span><\/sup>\u00a0u. a. am Zentrum f\u00fcr Gesundheit an der Deutschen Sporthochschule K\u00f6ln gaben die Probanden, die ihre Ern\u00e4hrung und sportliche Aktivit\u00e4t an das Ergebnis des MetaChecks anpassten, ihre Reduktion des BMI&#8217;s im Vergleich zur Kontrollgruppe um den Faktor 5 positiver an (siehe Abb. 2).** Im Rahmen einer im Jahr 2016 durchgef\u00fchrten empirischen Studie wurde die Nachhaltigkeit der Gewichtsreduktionserfolge des MetaChecks untersucht. Knapp 91 % der Probanden gaben an, dass sie ihr neues Gewicht halten konnten. Dar\u00fcber hinaus haben sich 87 % der Probanden nach der Ern\u00e4hrungsumstellung wohler gef\u00fchlt<sup><span style=\"font-size: 9.0pt;\">[4]<\/span><\/sup>.<\/p>\n<p>&nbsp;<\/p>\n<h5>Zusammengefasst ergaben sich folgende Verbesserungen<\/h5>\n<ul>\n<li><strong> Reduktion des Body-Mass-Index <\/strong><\/li>\n<li><strong> Signifikante Steigerung des Wohlbefindens<\/strong><\/li>\n<li><strong> Nachhaltiger ges\u00fcnderer Lebensstil<\/strong><\/li>\n<li><strong> Bewusstere Ern\u00e4hrung und erh\u00f6hte Sportaktivit\u00e4t<\/strong><\/li>\n<li><strong> Subjektive Verbesserung des Gesundheitszustandes<\/strong><\/li>\n<\/ul><\/div><\/div>\n<p>&nbsp;<\/p>\n<div class='content-column one_half last_column'><div style=\"padding-right:100px;\"><p><center><img loading=\"lazy\" class=\"aligncenter wp-image-221\" src=\"http:\/\/functionalgym.net\/wp-content\/uploads\/2016\/08\/g2.png\" alt=\"g2\" width=\"400\" height=\"400\" srcset=\"https:\/\/functionalgym.net\/wp-content\/uploads\/2016\/08\/g2.png 1000w, https:\/\/functionalgym.net\/wp-content\/uploads\/2016\/08\/g2-150x150.png 150w, https:\/\/functionalgym.net\/wp-content\/uploads\/2016\/08\/g2-300x300.png 300w, https:\/\/functionalgym.net\/wp-content\/uploads\/2016\/08\/g2-768x768.png 768w, https:\/\/functionalgym.net\/wp-content\/uploads\/2016\/08\/g2-830x830.png 830w, https:\/\/functionalgym.net\/wp-content\/uploads\/2016\/08\/g2-230x230.png 230w, https:\/\/functionalgym.net\/wp-content\/uploads\/2016\/08\/g2-350x350.png 350w, https:\/\/functionalgym.net\/wp-content\/uploads\/2016\/08\/g2-480x480.png 480w\" sizes=\"(max-width: 400px) 100vw, 400px\" \/><\/center><\/div><\/div><div class='clear_column'><\/div>\n<p>&nbsp;<\/p>\n<p>&nbsp;<\/p>\n<p>&nbsp;<\/p>\n[1] Arkadianos I. et al., (2007) Improved weight management using genetic information to personalize a calorie controlled diet, Nutr J., 6(29); 1 &#8211; 8. Lock A. E. et. al., (2015) Genetic studies of body mass index yield new insights for obesity biology.; Nature. Feb 12; 518(7538): 197-206.<\/p>\n[2] Nelson D. et al., (2010) Genetic Phenotypes Predict Weight Loss Success: The Right Diet Does Matter; NPAM March 2 \u2013 4, 2010 I EPI March 3 \u2013 5, 2010 I Hilton San Francisco Union Square I San Francisco, CA<\/p>\n[3] Kurscheid T. und Loewe L. (2013) Vergleichsstudie: Effektivit\u00e4t der nutrigenetischen Analyse \u201eCoGAP MetaCheck\u00ae\u201c zur Gewichtsreduktion, AdipositasSpektrum, 13(2); 10 &#8211; 16.<\/p>\n[4] Oezueak O. et al., (2016) \u00dcberpr\u00fcfung der Effektivit\u00e4t und Nachhaltigkeit einer Gewichtsreduktion auf Basis der genetischen Stoffwechselanalyse MetaCheck, medical fitness and healthcare, 16(2); 62 &#8211; 69.<\/p>\n<p>** Die Ergebnisse der Studien m\u00fcssen in weiteren wissenschaftlichen Studien validiert werden. Bitte beachten Sie, dass das CoGAP MetaCheck\u00ae-Konzept auf eine langfristige und dauerhafte Ern\u00e4hrungsumstellung \u00fcber 12 Monate hinaus abzielt. K\u00fcrzere Studienergebnisse besitzen daher nur eine eingeschr\u00e4nkte Aussagekraft.<\/p>\n<p>&nbsp;<\/p>\n<p><strong>*Hinweis*<\/strong><\/p>\n<p>Bitte beachten Sie, dass unser CoGAP MetaCheck\u00ae-Konzept die Genetik als weiteren Baustein im Rahmen eines herk\u00f6mmlichen Abnehmkonzeptes einbezieht. Der Ursachenzusammenhang zwischen Genetik und Di\u00e4terfolg muss anhand prospektiver, multizentrischer, randomisierter, doppelblinder, placebo-kontrollierter Studien n\u00e4her validiert werden. Wir sind jedoch davon \u00fcberzeugt, Ihnen auf Basis der Gen-Di\u00e4t CoGAP MetaCheck\u00ae\u00a0ein pers\u00f6nlich zugeschnittenes und erfolgreiches Ern\u00e4hrungs- und Trainingskonzept bieten zu k\u00f6nnen.<\/p>\n","protected":false},"excerpt":{"rendered":"<p>Meta Check Fitness\u00ae Genetic Shaping Sie sind so einzigartig wie Ihre Gene &nbsp; &nbsp; &nbsp; &nbsp; &nbsp; &nbsp; &nbsp; &nbsp; [1] Arkadianos I. et al., (2007) Improved weight management using genetic information to personalize a calorie controlled diet, Nutr J., 6(29); 1 &#8211; 8. Lock A. E. et. al., (2015) Genetic studies of body mass [&hellip;]<\/p>\n","protected":false},"author":1,"featured_media":0,"parent":0,"menu_order":0,"comment_status":"closed","ping_status":"closed","template":"page-templates\/page_fullwidth.php","meta":[],"_links":{"self":[{"href":"https:\/\/functionalgym.net\/index.php?rest_route=\/wp\/v2\/pages\/47"}],"collection":[{"href":"https:\/\/functionalgym.net\/index.php?rest_route=\/wp\/v2\/pages"}],"about":[{"href":"https:\/\/functionalgym.net\/index.php?rest_route=\/wp\/v2\/types\/page"}],"author":[{"embeddable":true,"href":"https:\/\/functionalgym.net\/index.php?rest_route=\/wp\/v2\/users\/1"}],"replies":[{"embeddable":true,"href":"https:\/\/functionalgym.net\/index.php?rest_route=%2Fwp%2Fv2%2Fcomments&post=47"}],"version-history":[{"count":50,"href":"https:\/\/functionalgym.net\/index.php?rest_route=\/wp\/v2\/pages\/47\/revisions"}],"predecessor-version":[{"id":546,"href":"https:\/\/functionalgym.net\/index.php?rest_route=\/wp\/v2\/pages\/47\/revisions\/546"}],"wp:attachment":[{"href":"https:\/\/functionalgym.net\/index.php?rest_route=%2Fwp%2Fv2%2Fmedia&parent=47"}],"curies":[{"name":"wp","href":"https:\/\/api.w.org\/{rel}","templated":true}]}}