{"id":41,"date":"2016-08-02T12:40:10","date_gmt":"2016-08-02T10:40:10","guid":{"rendered":"http:\/\/functionalgym.net\/gym\/?page_id=41"},"modified":"2017-08-20T20:16:34","modified_gmt":"2017-08-20T18:16:34","slug":"personal-training","status":"publish","type":"page","link":"https:\/\/functionalgym.net\/?page_id=41","title":{"rendered":"Personal Training"},"content":{"rendered":"<h3 style=\"text-align: left;\">Personal Training<\/h3>\n<h3 style=\"text-align: left;\"><span style=\"color: #d32b85;\">Sie nennen das Ziel,<br \/>\ngemeinsam gehen wir den Weg!<\/span><\/h3>\n<p>&nbsp;<\/p>\n<div class='content-column one_half'><div style=\"padding-right:100px;\">Wir bieten Ihnen eine professionelle und umfangreiche Betreuung beim Erreichen Ihrer Ziele. Sowohl die Erstellung individueller und effektiver Trainingsprogramme, als auch Ern\u00e4hrungstipps und Training f\u00fcr die geistige Fitness sind Inhalte unseres au\u00dfergew\u00f6hnlichen Angebots.<\/div><\/div>\n<div class='content-column one_half last_column'><div style=\"padding-right:100px;\">Ob bei Ihnen zu Hause, im Freien, im <a href=\"http:\/\/www.alternate-sportpark.de\/doc\/index.html\" target=\"_blank\" rel=\"noopener\">ALTERNATE Sportpark<\/a> oder auch im <a href=\"http:\/\/www.golfpark.de\/\" target=\"_blank\" rel=\"noopener\">Golf-Park Winnerod <\/a> \u2013<br \/>\nunser Angebot reicht von der direkten 1:1 Betreuung bis hin zu einer leistungsgleichen Kleingruppe (max. 5 Pers.).<\/div><\/div><div class='clear_column'><\/div>\n<p>&nbsp;<\/p>\n<p>&nbsp;<\/p>\n<p>&nbsp;<\/p>\n<h6 style=\"text-align: left;\"><span style=\"color: #808080;\"><i class=\"wp-svg-tags tags\"><\/i> Preis: 89,- \u20ac \/ Std.\u00a0<\/span><\/h6>\n<h6 style=\"text-align: left;\"><span style=\"color: #808080;\"><i class=\"wp-svg-tags tags\"><\/i> 10er Karte 850,- \u20ac<\/span><\/h6>\n<p>&nbsp;<\/p>\n","protected":false},"excerpt":{"rendered":"<p>Personal Training Sie nennen das Ziel, gemeinsam gehen wir den Weg! &nbsp; &nbsp; &nbsp; &nbsp; Preis: 89,- \u20ac \/ Std.\u00a0 10er Karte 850,- \u20ac &nbsp;<\/p>\n","protected":false},"author":1,"featured_media":386,"parent":0,"menu_order":0,"comment_status":"closed","ping_status":"closed","template":"page-templates\/page_fullwidth.php","meta":[],"_links":{"self":[{"href":"https:\/\/functionalgym.net\/index.php?rest_route=\/wp\/v2\/pages\/41"}],"collection":[{"href":"https:\/\/functionalgym.net\/index.php?rest_route=\/wp\/v2\/pages"}],"about":[{"href":"https:\/\/functionalgym.net\/index.php?rest_route=\/wp\/v2\/types\/page"}],"author":[{"embeddable":true,"href":"https:\/\/functionalgym.net\/index.php?rest_route=\/wp\/v2\/users\/1"}],"replies":[{"embeddable":true,"href":"https:\/\/functionalgym.net\/index.php?rest_route=%2Fwp%2Fv2%2Fcomments&post=41"}],"version-history":[{"count":41,"href":"https:\/\/functionalgym.net\/index.php?rest_route=\/wp\/v2\/pages\/41\/revisions"}],"predecessor-version":[{"id":345,"href":"https:\/\/functionalgym.net\/index.php?rest_route=\/wp\/v2\/pages\/41\/revisions\/345"}],"wp:featuredmedia":[{"embeddable":true,"href":"https:\/\/functionalgym.net\/index.php?rest_route=\/wp\/v2\/media\/386"}],"wp:attachment":[{"href":"https:\/\/functionalgym.net\/index.php?rest_route=%2Fwp%2Fv2%2Fmedia&parent=41"}],"curies":[{"name":"wp","href":"https:\/\/api.w.org\/{rel}","templated":true}]}}