{"id":38,"date":"2016-08-02T12:39:48","date_gmt":"2016-08-02T10:39:48","guid":{"rendered":"http:\/\/functionalgym.net\/gym\/?page_id=38"},"modified":"2017-08-20T17:54:40","modified_gmt":"2017-08-20T15:54:40","slug":"functional-training","status":"publish","type":"page","link":"https:\/\/functionalgym.net\/?page_id=38","title":{"rendered":"Functional Training"},"content":{"rendered":"<h3 style=\"text-align: left;\">Functional Training<\/h3>\n<h3 style=\"text-align: left;\"><span style=\"color: #d32b85;\">Individuell \u2013 effektiv \u2013 spa\u00dfig<\/span><\/h3>\n<p>&nbsp;<\/p>\n<p style=\"text-align: left;\">Das Training mit dem eigenen K\u00f6rpergewicht und speziellen Trainingsger\u00e4ten wie Sling Trainern, Waterbags oder Minibands fordert mit jeder \u00dcbung den ganzen K\u00f6rper.Sie verbessern Ihre Kraft, Stabilit\u00e4t und Koordination sowie Ausdauer und Beweglichkeit. Von leichter fallenden allt\u00e4glichen Anforderungen bis hin zum Optimieren komplexer, sportlicher Bewegungsabl\u00e4ufe \u2013 Functional Training ist f\u00fcr jeden geeignet.<\/p>\n<h5 style=\"text-align: left;\"><strong>Probieren Sie es aus und sp\u00fcren Sie selbst, wie sich Ihr K\u00f6rpergef\u00fchl verbessert.<\/strong><\/h5>\n<p>&nbsp;<\/p>\n<div class='content-column one_half'><div style=\"padding-right:100px;\"><h4 style=\"text-align: left;\">Functional Workout<\/h4>\n<p>&nbsp;<\/p>\n<p style=\"text-align: left;\">Nach einer umfassenden Einf\u00fchrung in den Trainingsablauf und Kennenlernen der Ger\u00e4te trainieren Sie eigenst\u00e4ndig unter Aufsicht eines qualifizierten Trainers. Im Verlauf der Trainingseinheiten geben wir Ihnen immer wieder neue Herausforderungen\/\u00dcbungen an die Hand.<\/p>\n<p>&nbsp;<\/p>\n<h6 style=\"text-align: left;\"><span style=\"color: #808080;\"><strong><i class=\"wp-svg-tags tags\"><\/i> Preis: 10er Karte 99,-<\/strong> <strong>\u20ac<\/strong><\/span><\/h6><\/div><\/div>\n<div class='content-column one_half last_column'><h4 style=\"text-align: left;\">Individual Workout<\/h4>\n<p>&nbsp;<\/p>\n<p style=\"text-align: left;\">Anhand eines speziell auf Sie abgestimmten Trainingsplans trainieren Sie eigenst\u00e4ndig unter Aufsicht eines qualifizierten Trainers. Ihr Trainingsplan wird in regelm\u00e4\u00dfigen Abst\u00e4nden Ihrem Fitnesslevel angepasst. Selbstverst\u00e4ndlich ist auch hier eine umfassende Einf\u00fchrung in den Trainingsablauf und ein Kennenlernen der Ger\u00e4te enthalten.<\/p>\n<p>&nbsp;<\/p>\n<h6 style=\"text-align: left;\"><span style=\"color: #808080;\"><strong><i class=\"wp-svg-tags tags\"><\/i> Preis: 10er Karte 179,- \u20ac<\/strong><\/span><\/h6><\/div><div class='clear_column'><\/div>\n<p>&nbsp;<\/p>\n<p>&nbsp;<\/p>\n","protected":false},"excerpt":{"rendered":"<p>Functional Training Individuell \u2013 effektiv \u2013 spa\u00dfig &nbsp; Das Training mit dem eigenen K\u00f6rpergewicht und speziellen Trainingsger\u00e4ten wie Sling Trainern, Waterbags oder Minibands fordert mit jeder \u00dcbung den ganzen K\u00f6rper.Sie verbessern Ihre Kraft, Stabilit\u00e4t und Koordination sowie Ausdauer und Beweglichkeit. Von leichter fallenden allt\u00e4glichen Anforderungen bis hin zum Optimieren komplexer, sportlicher Bewegungsabl\u00e4ufe \u2013 Functional Training [&hellip;]<\/p>\n","protected":false},"author":1,"featured_media":84,"parent":0,"menu_order":0,"comment_status":"closed","ping_status":"closed","template":"page-templates\/page_fullwidth.php","meta":[],"_links":{"self":[{"href":"https:\/\/functionalgym.net\/index.php?rest_route=\/wp\/v2\/pages\/38"}],"collection":[{"href":"https:\/\/functionalgym.net\/index.php?rest_route=\/wp\/v2\/pages"}],"about":[{"href":"https:\/\/functionalgym.net\/index.php?rest_route=\/wp\/v2\/types\/page"}],"author":[{"embeddable":true,"href":"https:\/\/functionalgym.net\/index.php?rest_route=\/wp\/v2\/users\/1"}],"replies":[{"embeddable":true,"href":"https:\/\/functionalgym.net\/index.php?rest_route=%2Fwp%2Fv2%2Fcomments&post=38"}],"version-history":[{"count":78,"href":"https:\/\/functionalgym.net\/index.php?rest_route=\/wp\/v2\/pages\/38\/revisions"}],"predecessor-version":[{"id":344,"href":"https:\/\/functionalgym.net\/index.php?rest_route=\/wp\/v2\/pages\/38\/revisions\/344"}],"wp:featuredmedia":[{"embeddable":true,"href":"https:\/\/functionalgym.net\/index.php?rest_route=\/wp\/v2\/media\/84"}],"wp:attachment":[{"href":"https:\/\/functionalgym.net\/index.php?rest_route=%2Fwp%2Fv2%2Fmedia&parent=38"}],"curies":[{"name":"wp","href":"https:\/\/api.w.org\/{rel}","templated":true}]}}